{"id":5,"date":"2021-07-04T01:49:51","date_gmt":"2021-07-04T01:49:51","guid":{"rendered":"https:\/\/qaplainsurance.com\/?page_id=5"},"modified":"2022-01-19T21:33:06","modified_gmt":"2022-01-19T21:33:06","slug":"home","status":"publish","type":"page","link":"https:\/\/qaplainsurance.com\/en\/home\/","title":{"rendered":"P\u00e1gina web anterior"},"content":{"rendered":"<p>Qapla Insurance<\/p>\n<p><a href=\"https:\/\/instagram.com\/qaplainsurance\" target=\"_blank\" rel=\"noopener\"><br \/>\nInstagram<br \/>\n<\/a><br \/>\n<a href=\"https:\/\/www.facebook.com\/Qapla-Insurance-102363481633141\" target=\"_blank\" rel=\"noopener\"><br \/>\nFacebook-f<br \/>\n<\/a><\/p>\n<h3>Seguros<\/h3>\n<p><a href=\"https:\/\/api.whatsapp.com\/send\/?phone=13059221302&amp;text&amp;app_absent=0\" role=\"button\"><br \/>\nContacto<br \/>\n<\/a><\/p>\n<h3>Salud<\/h3>\n<p style=\"text-align: justify;\">We have commercial partnerships with companies committed to covering your health expenses and providing the best benefits. We can guide you and offer the best advice at all times to present our wide range of options with the most solid and recognized companies in the market. We offer individual, family, and corporate plans. The world\u2019s most advanced medicine with the best technology and top doctors at your service. You deserve the most personalized, human treatment, peace of mind, and trust.<\/p>\n<p>\t\t\t<a href=\"https:\/\/api.whatsapp.com\/send\/?phone=13059221302&amp;text&amp;app_absent=0\" role=\"button\"><br \/>\nContactar<br \/>\n<\/a><br \/>\n<img decoding=\"async\" width=\"2560\" height=\"1707\" src=\"https:\/\/qaplainsurance.com\/wp-content\/uploads\/2021\/07\/young-handsome-physician-in-medical-robe-with-stethoscope-min-1-scaled.jpg\" alt=\"\" loading=\"lazy\" srcset=\"https:\/\/qaplainsurance.com\/wp-content\/uploads\/2021\/07\/young-handsome-physician-in-medical-robe-with-stethoscope-min-1-scaled.jpg 2560w, https:\/\/qaplainsurance.com\/wp-content\/uploads\/2021\/07\/young-handsome-physician-in-medical-robe-with-stethoscope-min-1-300x200.jpg 300w, https:\/\/qaplainsurance.com\/wp-content\/uploads\/2021\/07\/young-handsome-physician-in-medical-robe-with-stethoscope-min-1-1024x683.jpg 1024w, https:\/\/qaplainsurance.com\/wp-content\/uploads\/2021\/07\/young-handsome-physician-in-medical-robe-with-stethoscope-min-1-768x512.jpg 768w, https:\/\/qaplainsurance.com\/wp-content\/uploads\/2021\/07\/young-handsome-physician-in-medical-robe-with-stethoscope-min-1-1536x1024.jpg 1536w, https:\/\/qaplainsurance.com\/wp-content\/uploads\/2021\/07\/young-handsome-physician-in-medical-robe-with-stethoscope-min-1-2048x1366.jpg 2048w\" sizes=\"auto, (max-width: 2560px) 100vw, 2560px\"><br \/>\n<img decoding=\"async\" width=\"1000\" height=\"667\" src=\"https:\/\/qaplainsurance.com\/wp-content\/uploads\/2021\/07\/60f222df36dec.jpg\" alt=\"\" loading=\"lazy\" srcset=\"https:\/\/qaplainsurance.com\/wp-content\/uploads\/2021\/07\/60f222df36dec.jpg 1000w, https:\/\/qaplainsurance.com\/wp-content\/uploads\/2021\/07\/60f222df36dec-300x200.jpg 300w, https:\/\/qaplainsurance.com\/wp-content\/uploads\/2021\/07\/60f222df36dec-768x512.jpg 768w\" sizes=\"auto, (max-width: 1000px) 100vw, 1000px\"><\/p>\n<h3>Vida<\/h3>\n<p style=\"text-align: justify;\">We have the backing of the most recognized companies, ensuring the protection of your loved ones and family. The future cannot be guaranteed, but with us, you can achieve financial growth and the security you deserve. Help protect those who depend on you. With life insurance, you can:<\/p>\n<ul>\n<li style=\"text-align: left;\">Cover your final expenses.<\/li>\n<li style=\"text-align: left;\">Settle a mortgage.<\/li>\n<li style=\"text-align: left;\">Cover childcare expenses.<\/li>\n<li style=\"text-align: left;\">Pay for your children's university education.<\/li>\n<li style=\"text-align: left;\">Cover outstanding debts.<\/li>\n<li style=\"text-align: left;\">Continue contributing to a retirement plan.<\/li>\n<li style=\"text-align: left;\">Access financial liquidity.<\/li>\n<li style=\"text-align: left;\">Provide lifetime income.<\/li>\n<\/ul>\n<p><a href=\"https:\/\/api.whatsapp.com\/send\/?phone=13059221302&amp;text&amp;app_absent=0\" role=\"button\"><br \/>\nContactar<br \/>\n<\/a><\/p>\n<h3>Dental y Visi\u00f3n<\/h3>\n<p style=\"text-align: justify;\">Care is the fundamental step to leading a life of well-being! We focus on creating policies tailored to your needs because every individual is unique.<\/p>\n<p style=\"text-align: justify;\">The body is like a scale; when your vision or dental health is failing, it creates more strain on other areas.<\/p>\n<p style=\"text-align: justify;\">Trust in our work, and together we will find the plan that best suits you and your family.<\/p>\n<p>\t\t\t<a href=\"https:\/\/api.whatsapp.com\/send\/?phone=13059221302&amp;text&amp;app_absent=0\" role=\"button\"><br \/>\nContactar<br \/>\n<\/a><br \/>\n<img decoding=\"async\" width=\"1024\" height=\"683\" src=\"https:\/\/qaplainsurance.com\/wp-content\/uploads\/2021\/07\/dentist-examining-female-patient-with-tools-min-1024x683.jpg\" alt=\"\" loading=\"lazy\" srcset=\"https:\/\/qaplainsurance.com\/wp-content\/uploads\/2021\/07\/dentist-examining-female-patient-with-tools-min-1024x683.jpg 1024w, https:\/\/qaplainsurance.com\/wp-content\/uploads\/2021\/07\/dentist-examining-female-patient-with-tools-min-300x200.jpg 300w, https:\/\/qaplainsurance.com\/wp-content\/uploads\/2021\/07\/dentist-examining-female-patient-with-tools-min-768x512.jpg 768w, https:\/\/qaplainsurance.com\/wp-content\/uploads\/2021\/07\/dentist-examining-female-patient-with-tools-min-1536x1024.jpg 1536w, https:\/\/qaplainsurance.com\/wp-content\/uploads\/2021\/07\/dentist-examining-female-patient-with-tools-min-2048x1365.jpg 2048w\" sizes=\"auto, (max-width: 1024px) 100vw, 1024px\"><br \/>\n<img decoding=\"async\" width=\"2560\" height=\"1707\" src=\"https:\/\/qaplainsurance.com\/wp-content\/uploads\/2021\/07\/coffin-bearer-carrying-casket-at-funeral-min-scaled.jpg\" alt=\"\" loading=\"lazy\" srcset=\"https:\/\/qaplainsurance.com\/wp-content\/uploads\/2021\/07\/coffin-bearer-carrying-casket-at-funeral-min-scaled.jpg 2560w, https:\/\/qaplainsurance.com\/wp-content\/uploads\/2021\/07\/coffin-bearer-carrying-casket-at-funeral-min-300x200.jpg 300w, https:\/\/qaplainsurance.com\/wp-content\/uploads\/2021\/07\/coffin-bearer-carrying-casket-at-funeral-min-1024x683.jpg 1024w, https:\/\/qaplainsurance.com\/wp-content\/uploads\/2021\/07\/coffin-bearer-carrying-casket-at-funeral-min-768x512.jpg 768w, https:\/\/qaplainsurance.com\/wp-content\/uploads\/2021\/07\/coffin-bearer-carrying-casket-at-funeral-min-1536x1024.jpg 1536w, https:\/\/qaplainsurance.com\/wp-content\/uploads\/2021\/07\/coffin-bearer-carrying-casket-at-funeral-min-2048x1365.jpg 2048w\" sizes=\"auto, (max-width: 2560px) 100vw, 2560px\"><\/p>\n<h3>Gastos Finales<\/h3>\n<p style=\"text-align: justify;\">Saying goodbye to our loved ones should not come with worries about how to cover expenses. We may not plan for the future, but we can prepare for the tough times.<\/p>\n<p style=\"text-align: justify;\">Our policies are designed to cover everything from the caskets used to the details of the service. You can make any adjustments you need and receive free advice. We are here to support you in the most difficult times!<\/p>\n<p>\t\t\t<a href=\"https:\/\/api.whatsapp.com\/send\/?phone=13059221302&amp;text&amp;app_absent=0\" role=\"button\"><br \/>\nContactar<br \/>\n<\/a><\/p>\n<h3>Seguro Internacional<\/h3>\n<p style=\"text-align: justify;\">When we visit a country, we often focus on entertainment spots without thinking about potential setbacks or how we would resolve them.<\/p>\n<p style=\"text-align: justify;\">We handle those scenarios. We know the places you can go to in case of an accident or emergency.<\/p>\n<p style=\"text-align: justify;\">Each service is designed to provide the comfort you need and protect your physical integrity in any country.<\/p>\n<p>\t\t\t<a href=\"https:\/\/api.whatsapp.com\/send\/?phone=13059221302&amp;text&amp;app_absent=0\" role=\"button\"><br \/>\nContactar<br \/>\n<\/a><br \/>\n<img decoding=\"async\" width=\"1024\" height=\"814\" src=\"https:\/\/qaplainsurance.com\/wp-content\/uploads\/2021\/07\/business-team-global-business-planning-working-concept-min-1024x814.jpg\" alt=\"\" loading=\"lazy\" srcset=\"https:\/\/qaplainsurance.com\/wp-content\/uploads\/2021\/07\/business-team-global-business-planning-working-concept-min-1024x814.jpg 1024w, https:\/\/qaplainsurance.com\/wp-content\/uploads\/2021\/07\/business-team-global-business-planning-working-concept-min-300x239.jpg 300w, https:\/\/qaplainsurance.com\/wp-content\/uploads\/2021\/07\/business-team-global-business-planning-working-concept-min-768x611.jpg 768w, https:\/\/qaplainsurance.com\/wp-content\/uploads\/2021\/07\/business-team-global-business-planning-working-concept-min-1536x1221.jpg 1536w, https:\/\/qaplainsurance.com\/wp-content\/uploads\/2021\/07\/business-team-global-business-planning-working-concept-min-2048x1628.jpg 2048w\" sizes=\"auto, (max-width: 1024px) 100vw, 1024px\"><br \/>\n<img decoding=\"async\" width=\"2560\" height=\"1707\" src=\"https:\/\/qaplainsurance.com\/wp-content\/uploads\/2021\/07\/people-in-airport-are-wearing-masks-to-protect-themselves-from-virus-min-scaled.jpg\" alt=\"\" loading=\"lazy\" srcset=\"https:\/\/qaplainsurance.com\/wp-content\/uploads\/2021\/07\/people-in-airport-are-wearing-masks-to-protect-themselves-from-virus-min-scaled.jpg 2560w, https:\/\/qaplainsurance.com\/wp-content\/uploads\/2021\/07\/people-in-airport-are-wearing-masks-to-protect-themselves-from-virus-min-300x200.jpg 300w, https:\/\/qaplainsurance.com\/wp-content\/uploads\/2021\/07\/people-in-airport-are-wearing-masks-to-protect-themselves-from-virus-min-1024x683.jpg 1024w, https:\/\/qaplainsurance.com\/wp-content\/uploads\/2021\/07\/people-in-airport-are-wearing-masks-to-protect-themselves-from-virus-min-768x512.jpg 768w, https:\/\/qaplainsurance.com\/wp-content\/uploads\/2021\/07\/people-in-airport-are-wearing-masks-to-protect-themselves-from-virus-min-1536x1024.jpg 1536w, https:\/\/qaplainsurance.com\/wp-content\/uploads\/2021\/07\/people-in-airport-are-wearing-masks-to-protect-themselves-from-virus-min-2048x1365.jpg 2048w\" sizes=\"auto, (max-width: 2560px) 100vw, 2560px\"><\/p>\n<h3>Asistencia de Viajes<\/h3>\n<p style=\"text-align: justify;\">We make sure to guarantee you an exceptional vacation. Our travel assistance plans can be both domestic and international. All you have to do is choose the destination!&nbsp;<\/p>\n<p style=\"text-align: justify;\">We are responsible for helping you cover any unforeseen events and preventing as many inconveniences as possible.&nbsp;<\/p>\n<p>\t\t\t<a href=\"https:\/\/api.whatsapp.com\/send\/?phone=13059221302&amp;text&amp;app_absent=0\" role=\"button\"><br \/>\nContactar<br \/>\n<\/a><\/p>\n<h3>\u00danete a nuestro equipo<\/h3>\n<p style=\"text-align: justify;\">We are constantly looking for business partners who wish to expand their product portfolio.<\/p>\n<p style=\"text-align: justify;\">If you have a license in the insurance field, are entrepreneurial, proactive, and goal-oriented, it doesn't matter if you have experience; we provide training and explain how it works.&nbsp;<\/p>\n<p style=\"text-align: justify;\">Please leave us your information and send your resume to the following email. <a href=\"mailto:yuliana@qaplainsurance.com\">yuliana@qaplainsurance.com<\/a> And within 48 hours, we will be reaching out to you.<\/p>\n<p>\t\t\t<a href=\"https:\/\/api.whatsapp.com\/send\/?phone=13059221302&amp;text&amp;app_absent=0\" role=\"button\"><br \/>\nContactar<br \/>\n<\/a><br \/>\n<img decoding=\"async\" width=\"1024\" height=\"490\" src=\"https:\/\/qaplainsurance.com\/wp-content\/uploads\/2021\/07\/colleagues-giving-fist-bump-min-1024x490.jpg\" alt=\"\" loading=\"lazy\" srcset=\"https:\/\/qaplainsurance.com\/wp-content\/uploads\/2021\/07\/colleagues-giving-fist-bump-min-1024x490.jpg 1024w, https:\/\/qaplainsurance.com\/wp-content\/uploads\/2021\/07\/colleagues-giving-fist-bump-min-300x144.jpg 300w, https:\/\/qaplainsurance.com\/wp-content\/uploads\/2021\/07\/colleagues-giving-fist-bump-min-768x367.jpg 768w, https:\/\/qaplainsurance.com\/wp-content\/uploads\/2021\/07\/colleagues-giving-fist-bump-min-1536x735.jpg 1536w, https:\/\/qaplainsurance.com\/wp-content\/uploads\/2021\/07\/colleagues-giving-fist-bump-min-2048x980.jpg 2048w\" sizes=\"auto, (max-width: 1024px) 100vw, 1024px\"><\/p>\n<h3>\u00bfPor que contratar un seguro?<\/h3>\n<p>https:\/\/www.youtube.com\/watch?v=OzAct1hK45Y<br \/>\n\u00abClick edit button to change this text. Lorem ipsum dolor sit amet, consectetur adipiscing elit. Ut elit tellus, luctus nec ullamcorper mattis, pulvinar dapibus leo\u00bb<br \/>\n<img decoding=\"async\" width=\"1080\" height=\"1080\" src=\"https:\/\/qaplainsurance.com\/wp-content\/uploads\/2021\/07\/sola.jpg\" alt=\"\" loading=\"lazy\"><br \/>\nYuliana Silvestre<br \/>\nQapla Insurance<\/p>\n<h3>Qapla Insurance<\/h3>\n<p><a href=\"https:\/\/api.whatsapp.com\/send\/?phone=13059221302&amp;text&amp;app_absent=0\" role=\"button\"><br \/>\nContactar<br \/>\n<\/a><\/p>\n<h1>Testimonios<\/h1>\n<p><img decoding=\"async\" width=\"500\" height=\"500\" src=\"https:\/\/qaplainsurance.com\/wp-content\/uploads\/2021\/07\/WhatsApp-Image-2021-07-08-at-3.46.19-PM-1.jpeg\" alt=\"\" loading=\"lazy\" srcset=\"https:\/\/qaplainsurance.com\/wp-content\/uploads\/2021\/07\/WhatsApp-Image-2021-07-08-at-3.46.19-PM-1.jpeg 500w, https:\/\/qaplainsurance.com\/wp-content\/uploads\/2021\/07\/WhatsApp-Image-2021-07-08-at-3.46.19-PM-1-300x300.jpeg 300w, https:\/\/qaplainsurance.com\/wp-content\/uploads\/2021\/07\/WhatsApp-Image-2021-07-08-at-3.46.19-PM-1-150x150.jpeg 150w\" sizes=\"auto, (max-width: 500px) 100vw, 500px\"><\/p>\n<p>When I arrived in this country, my biggest concern was not having medical insurance, so I started looking for someone to guide me. I got in touch with Yuliana Silvestre, who responded to all my needs and provided me with the best advice I could have. Yuliana is a very dedicated person, always attentive to her clients, and the best part is that I can call her whenever I need advice regarding my health insurance. I\u2019ve been with her as my medical advisor for 2 years, and I wouldn't change her. I highly recommend her.<\/p>\n<p><img decoding=\"async\" width=\"500\" height=\"500\" src=\"https:\/\/qaplainsurance.com\/wp-content\/uploads\/2021\/07\/WhatsApp-Image-2021-07-07-at-12.23.33-PM.jpeg\" alt=\"\" loading=\"lazy\" srcset=\"https:\/\/qaplainsurance.com\/wp-content\/uploads\/2021\/07\/WhatsApp-Image-2021-07-07-at-12.23.33-PM.jpeg 500w, https:\/\/qaplainsurance.com\/wp-content\/uploads\/2021\/07\/WhatsApp-Image-2021-07-07-at-12.23.33-PM-300x300.jpeg 300w, https:\/\/qaplainsurance.com\/wp-content\/uploads\/2021\/07\/WhatsApp-Image-2021-07-07-at-12.23.33-PM-150x150.jpeg 150w\" sizes=\"auto, (max-width: 500px) 100vw, 500px\"><\/p>\n<p>Mi experiencia con mi seguro hasta el momento ha sido favorable las autorizaciones no son demoradas y me facilita todo lo referente a citas tratamientos y dem\u00e1s procedimientos tambi\u00e9n cuento con la persona q me gestion\u00f3 mi seguro la se\u00f1orita Yuliana q tiene un trato muy afable y siempre q la llamo est\u00e1 dispuesta a ayudarme con cualquier duda q tenga la recomiendo para que los asesore en todo lo referente al seguro.<\/p>\n<p><img decoding=\"async\" width=\"500\" height=\"500\" src=\"https:\/\/qaplainsurance.com\/wp-content\/uploads\/2021\/07\/WhatsApp-Image-2021-07-09-at-9.41.50-PM.jpeg\" alt=\"\" loading=\"lazy\" srcset=\"https:\/\/qaplainsurance.com\/wp-content\/uploads\/2021\/07\/WhatsApp-Image-2021-07-09-at-9.41.50-PM.jpeg 500w, https:\/\/qaplainsurance.com\/wp-content\/uploads\/2021\/07\/WhatsApp-Image-2021-07-09-at-9.41.50-PM-300x300.jpeg 300w, https:\/\/qaplainsurance.com\/wp-content\/uploads\/2021\/07\/WhatsApp-Image-2021-07-09-at-9.41.50-PM-150x150.jpeg 150w\" sizes=\"auto, (max-width: 500px) 100vw, 500px\"><\/p>\n<p>Siempre he buscado la forma de mantener a mi familia protegida de todas las formas posibles\u2026 Una de las formas m\u00e1s efectivas de estar bien asegurado es contar con gente profesional que haga todo lo que est\u00e9 en sus manos para conseguir proteger tu mayor tesoro \u201cTu Salud\u201d&nbsp;<\/p>\n<p>Una de las personas que pueden conseguir brindarte esta seguridad es Yuliana, ya que se hace parte de tu familia desde todo punto de vista, acompa\u00f1\u00e1ndote en todos y cada uno de los procesos \u2026 para mi es la mejor en su \u00e1rea ya que nunca estas solo, siempre te acompa\u00f1a !!!<\/p>\n<p><img decoding=\"async\" width=\"1024\" height=\"1024\" src=\"https:\/\/qaplainsurance.com\/wp-content\/uploads\/2021\/09\/testi1-1024x1024.jpg\" alt=\"\" loading=\"lazy\" srcset=\"https:\/\/qaplainsurance.com\/wp-content\/uploads\/2021\/09\/testi1-1024x1024.jpg 1024w, https:\/\/qaplainsurance.com\/wp-content\/uploads\/2021\/09\/testi1-300x300.jpg 300w, https:\/\/qaplainsurance.com\/wp-content\/uploads\/2021\/09\/testi1-150x150.jpg 150w, https:\/\/qaplainsurance.com\/wp-content\/uploads\/2021\/09\/testi1-768x768.jpg 768w, https:\/\/qaplainsurance.com\/wp-content\/uploads\/2021\/09\/testi1.jpg 1080w\" sizes=\"auto, (max-width: 1024px) 100vw, 1024px\"><\/p>\n<p>The insurance that you insisted I take\u2026 saved my financial life this year. As always, bad things happened suddenly. I got COVID and had to be hospitalized for 10 days, with a cost of over $60,000, which the insurance you recommended covered almost entirely.<br \/>\nAnd I thank you because your persistence was what made that miracle happen.<br \/>\nI hope you continue doing your work as professionally and diligently as always, in favor of your clients.<\/p>\n<h2>Contacto<\/h2>\n<p class=\"wpcf7-contact-form-not-found\"><strong>Error:<\/strong> Contact form not found.<\/p>\n<h2>\ud83d\udccd 3625 nw 82nd ave suite 100-M Doral fl 33166<\/h2>","protected":false},"excerpt":{"rendered":"<p>Qapla Insurance Instagram Facebook-f Seguros Contacto Salud Tenemos alianza comercial con compa\u00f1\u00edas comprometidas a cubrir sus gastos de salud y brindarles los mejores beneficios. Podemos guiarte y darte la mejor asesor\u00eda en todo momento para mostrarte nuestras amplias opciones con las compa\u00f1\u00edas m\u00e1s s\u00f3lidas y m\u00e1s reconocidas del mercado, contamos con opciones de planes individuales, [&hellip;]<\/p>","protected":false},"author":1,"featured_media":0,"parent":0,"menu_order":0,"comment_status":"closed","ping_status":"closed","template":"","meta":{"_et_pb_use_builder":"","_et_pb_old_content":"","_et_gb_content_width":"","footnotes":""},"class_list":["post-5","page","type-page","status-publish","hentry"],"_links":{"self":[{"href":"https:\/\/qaplainsurance.com\/en\/wp-json\/wp\/v2\/pages\/5","targetHints":{"allow":["GET"]}}],"collection":[{"href":"https:\/\/qaplainsurance.com\/en\/wp-json\/wp\/v2\/pages"}],"about":[{"href":"https:\/\/qaplainsurance.com\/en\/wp-json\/wp\/v2\/types\/page"}],"author":[{"embeddable":true,"href":"https:\/\/qaplainsurance.com\/en\/wp-json\/wp\/v2\/users\/1"}],"replies":[{"embeddable":true,"href":"https:\/\/qaplainsurance.com\/en\/wp-json\/wp\/v2\/comments?post=5"}],"version-history":[{"count":114,"href":"https:\/\/qaplainsurance.com\/en\/wp-json\/wp\/v2\/pages\/5\/revisions"}],"predecessor-version":[{"id":249,"href":"https:\/\/qaplainsurance.com\/en\/wp-json\/wp\/v2\/pages\/5\/revisions\/249"}],"wp:attachment":[{"href":"https:\/\/qaplainsurance.com\/en\/wp-json\/wp\/v2\/media?parent=5"}],"curies":[{"name":"wp","href":"https:\/\/api.w.org\/{rel}","templated":true}]}}